{"id":143851,"date":"2026-01-30T00:22:38","date_gmt":"2026-01-30T00:22:38","guid":{"rendered":"https:\/\/bestiptvcheap.com\/?page_id=143851"},"modified":"2026-02-01T23:46:36","modified_gmt":"2026-02-01T23:46:36","slug":"email-support-free-iptv-trial","status":"publish","type":"page","link":"https:\/\/bestiptvcheap.com\/es\/email-support-free-iptv-trial\/","title":{"rendered":"Soporte por correo electr\u00f3nico y prueba IPTV gratuita"},"content":{"rendered":"<div data-elementor-type=\"wp-page\" data-elementor-id=\"143851\" class=\"elementor elementor-143851\" data-elementor-settings=\"{&quot;element_pack_global_tooltip_width&quot;:{&quot;unit&quot;:&quot;px&quot;,&quot;size&quot;:&quot;&quot;,&quot;sizes&quot;:[]},&quot;element_pack_global_tooltip_width_tablet&quot;:{&quot;unit&quot;:&quot;px&quot;,&quot;size&quot;:&quot;&quot;,&quot;sizes&quot;:[]},&quot;element_pack_global_tooltip_width_mobile&quot;:{&quot;unit&quot;:&quot;px&quot;,&quot;size&quot;:&quot;&quot;,&quot;sizes&quot;:[]},&quot;element_pack_global_tooltip_padding&quot;:{&quot;unit&quot;:&quot;px&quot;,&quot;top&quot;:&quot;&quot;,&quot;right&quot;:&quot;&quot;,&quot;bottom&quot;:&quot;&quot;,&quot;left&quot;:&quot;&quot;,&quot;isLinked&quot;:true},&quot;element_pack_global_tooltip_padding_tablet&quot;:{&quot;unit&quot;:&quot;px&quot;,&quot;top&quot;:&quot;&quot;,&quot;right&quot;:&quot;&quot;,&quot;bottom&quot;:&quot;&quot;,&quot;left&quot;:&quot;&quot;,&quot;isLinked&quot;:true},&quot;element_pack_global_tooltip_padding_mobile&quot;:{&quot;unit&quot;:&quot;px&quot;,&quot;top&quot;:&quot;&quot;,&quot;right&quot;:&quot;&quot;,&quot;bottom&quot;:&quot;&quot;,&quot;left&quot;:&quot;&quot;,&quot;isLinked&quot;:true},&quot;element_pack_global_tooltip_border_radius&quot;:{&quot;unit&quot;:&quot;px&quot;,&quot;top&quot;:&quot;&quot;,&quot;right&quot;:&quot;&quot;,&quot;bottom&quot;:&quot;&quot;,&quot;left&quot;:&quot;&quot;,&quot;isLinked&quot;:true},&quot;element_pack_global_tooltip_border_radius_tablet&quot;:{&quot;unit&quot;:&quot;px&quot;,&quot;top&quot;:&quot;&quot;,&quot;right&quot;:&quot;&quot;,&quot;bottom&quot;:&quot;&quot;,&quot;left&quot;:&quot;&quot;,&quot;isLinked&quot;:true},&quot;element_pack_global_tooltip_border_radius_mobile&quot;:{&quot;unit&quot;:&quot;px&quot;,&quot;top&quot;:&quot;&quot;,&quot;right&quot;:&quot;&quot;,&quot;bottom&quot;:&quot;&quot;,&quot;left&quot;:&quot;&quot;,&quot;isLinked&quot;:true}}\" data-elementor-post-type=\"page\">\n\t\t\t\t<div class=\"elementor-element elementor-element-3fe75f3 e-flex e-con-boxed e-con e-parent\" data-id=\"3fe75f3\" data-element_type=\"container\">\n\t\t\t\t\t<div class=\"e-con-inner\">\n\t\t\t\t<div class=\"elementor-element elementor-element-17216e2 elementor-widget elementor-widget-html\" data-id=\"17216e2\" data-element_type=\"widget\" data-widget_type=\"html.default\">\n\t\t\t\t<div class=\"elementor-widget-container\">\n\t\t\t\t\t<style>\r\n\/* Container *\/\r\n.support-page {\r\n  max-width: 1100px;\r\n  margin: auto;\r\n  padding: 40px 20px;\r\n}\r\n\r\n\/* Card *\/\r\n.support-card {\r\n  background: radial-gradient(circle at top, #1a1a1b, #0b0b0b);\r\n  border-radius: 22px;\r\n  padding: 50px 40px;\r\n  margin-bottom: 50px;\r\n  text-align: center;\r\n  border: 1px solid #222;\r\n}\r\n\r\n\/* Headings *\/\r\n.support-card h2 {\r\n  color: #4bd745;\r\n  font-size: 38px;\r\n  margin-bottom: 15px;\r\n}\r\n\r\n\/* Text *\/\r\n.support-card p {\r\n  color: #d8d8d8;\r\n  font-size: 17px;\r\n  line-height: 1.7;\r\n  margin-bottom: 18px;\r\n}\r\n\r\n\/* Note *\/\r\n.support-note {\r\n  font-size: 14px;\r\n  color: #9a9a9a;\r\n  margin-top: 10px;\r\n}\r\n\r\n\/* Form wrapper *\/\r\n.trial-form-wrap {\r\n  max-width: 520px;\r\n  margin: 30px auto 0;\r\n}\r\n\r\n\/* Center form *\/\r\n.trial-form-wrap form {\r\n  display: flex;\r\n  justify-content: center;\r\n}\r\n\r\n\/* Input + Button alignment *\/\r\n.trial-form-wrap form > div,\r\n.trial-form-wrap form .form-group {\r\n  width: 100%;\r\n}\r\n\r\n\/* Force input + button row *\/\r\n.trial-form-wrap input[type=\"email\"] {\r\n  flex: 1;\r\n  min-width: 0;\r\n  border-radius: 999px 0 0 999px;\r\n  height: 52px;\r\n  font-size: 15px;\r\n  background: #111;\r\n  border: 1px solid #2b2b2b;\r\n  color: #fff;\r\n}\r\n\r\n.trial-form-wrap button,\r\n.trial-form-wrap input[type=\"submit\"] {\r\n  border-radius: 0 999px 999px 0;\r\n  height: 52px;\r\n  font-size: 15px;\r\n  font-weight: 700;\r\n  background: #4bd745;\r\n  color: #000;\r\n  border: none;\r\n}\r\n\r\n\/* Button *\/\r\n.support-btn {\r\n  display: inline-block;\r\n  background: #4bd745;\r\n  color: #000;\r\n  padding: 14px 30px;\r\n  border-radius: 999px;\r\n  font-size: 16px;\r\n  font-weight: 700;\r\n  text-decoration: none;\r\n  margin-top: 10px;\r\n  transition: .2s;\r\n}\r\n\r\n.support-btn:hover {\r\n  background: #39c936;\r\n}\r\n\r\n\/* Mobile *\/\r\n@media (max-width: 768px) {\r\n  .support-card h2 {\r\n    font-size: 28px;\r\n  }\r\n}\r\n\r\n\/* ===== Compact Mobile Trial Section ===== *\/\r\n@media (max-width: 600px) {\r\n\r\n  .support-card {\r\n    padding: 28px 18px;\r\n    margin-bottom: 30px;\r\n  }\r\n\r\n  .support-card h2 {\r\n    font-size: 24px;\r\n    margin-bottom: 10px;\r\n  }\r\n\r\n  .support-card p {\r\n    font-size: 14px;\r\n    margin-bottom: 10px;\r\n  }\r\n\r\n  .support-note {\r\n    display: none;\r\n  }\r\n\r\n  .trial-form-wrap {\r\n    margin-top: 14px;\r\n  }\r\n\r\n  .trial-form-wrap input[type=\"email\"],\r\n  .trial-form-wrap button,\r\n  .trial-form-wrap input[type=\"submit\"] {\r\n    height: 46px;\r\n    font-size: 14px;\r\n    border-radius: 999px;\r\n    width: 100%;\r\n  }\r\n\r\n  .trial-form-wrap form {\r\n    flex-direction: column;\r\n    gap: 12px;\r\n  }\r\n}\r\n\r\n\r\n<\/style>\r\n\r\n<div class=\"support-page\">\r\n\r\n  <!-- ================= Email Support ================= -->\r\n  <div class=\"support-card\">\r\n    <h2>Contactar el soporte por correo electr\u00f3nico<\/h2>\r\n\r\n    <p>\r\n      Para consultas generales o soporte t\u00e9cnico detallado, puedes contactarnos directamente por correo electr\u00f3nico.\r\n    <\/p>\r\n\r\n    <a href=\"mailto:contact@myiptvgold.com\" class=\"support-btn\">\r\n      Contactar por correo electr\u00f3nico\r\n    <\/a>\r\n\r\n    <p class=\"support-note\">\r\n      \u23f3 Las respuestas por correo electr\u00f3nico pueden tardar m\u00e1s que el chat en vivo o WhatsApp.\r\n    <\/p>\r\n  <\/div>\r\n\r\n  <!-- ================= Free Trial ================= -->\r\n  <div class=\"support-card\">\r\n    <h2>Solicitar una prueba IPTV gratuita<\/h2>\r\n\r\n    <p>\r\n      Rellena el formulario a continuaci\u00f3n para solicitar tu prueba IPTV gratuita. Aseg\u00farate de introducir una direcci\u00f3n de correo electr\u00f3nico v\u00e1lida.\r\n    <\/p>\r\n\r\n    <p class=\"support-note\">\r\n      Despu\u00e9s de enviar el formulario, recibir\u00e1s un correo electr\u00f3nico de confirmaci\u00f3n. Por favor, confirma tu correo electr\u00f3nico para que podamos enviarte los detalles de tu prueba.\r\n    <\/p>\r\n\r\n    <!-- \ud83d\udd3d \u0636\u0639 Shortcode \u0627\u0644\u0641\u0648\u0631\u0645 \u0647\u0646\u0627 -->\r\n    <div class=\"trial-form-wrap\">\r\n  <div class='fluentform ff-default fluentform_wrapper_4 ffs_default_wrap'><form data-form_id=\"4\" id=\"fluentform_4\" class=\"frm-fluent-form fluent_form_4 ff-el-form-top ff_form_instance_4_1 ff-form-loading ffs_default\" data-form_instance=\"ff_form_instance_4_1\" method=\"POST\" action=\"\" ><fieldset  style=\"border: none!important;margin: 0!important;padding: 0!important;background-color: transparent!important;box-shadow: none!important;outline: none!important; min-inline-size: 100%;\">\n                    <legend class=\"ff_screen_reader_title\" style=\"display: block; margin: 0!important;padding: 0!important;height: 0!important;text-indent: -999999px;width: 0!important;overflow:hidden;\">Newsletter Form (#4)<\/legend><input type='hidden' name='__fluent_form_embded_post_id' value='143851' \/><input type=\"hidden\" id=\"_fluentform_4_fluentformnonce\" name=\"_fluentform_4_fluentformnonce\" value=\"c83f27c042\" \/><input type=\"hidden\" name=\"_wp_http_referer\" value=\"\/es\/wp-json\/wp\/v2\/pages\/143851\" \/><div class='ff-el-group trial-email-wrap'><div class='ff-el-input--content'><input type=\"email\" name=\"email\" id=\"ff_4_email\" class=\"ff-el-form-control trial-email-input\" placeholder=\"Introduce tu correo electr\u00f3nico para recibir tu prueba IPTV gratuita\" data-name=\"email\"  aria-invalid=\"false\" aria-required=\"false\"><\/div><\/div><div class='ff-el-group ff-text-right trial-btn-wrap ff_submit_btn_wrapper'><button type=\"submit\" class=\"ff-btn ff-btn-submit ff-btn-md trial-btn ff_btn_style\"  aria-label=\"Solicitar prueba gratuita\">Solicitar prueba gratuita<\/button><\/div><\/fieldset><input type=\"hidden\" name=\"trp-form-language\" value=\"es\"\/><\/form><div id='fluentform_4_errors' class='ff-errors-in-stack ff_form_instance_4_1 ff-form-loading_errors ff_form_instance_4_1_errors'><\/div><\/div>            <script type=\"text\/javascript\">\n                window.fluent_form_ff_form_instance_4_1 = {\"id\":\"4\",\"settings\":{\"layout\":{\"labelPlacement\":\"top\",\"asteriskPlacement\":\"asterisk-right\",\"helpMessagePlacement\":\"with_label\",\"errorMessagePlacement\":\"inline\",\"cssClassName\":\"\"},\"restrictions\":{\"denyEmptySubmission\":{\"enabled\":false}}},\"form_instance\":\"ff_form_instance_4_1\",\"form_id_selector\":\"fluentform_4\",\"rules\":{\"email\":{\"required\":{\"value\":false,\"message\":\"Este campo es obligatorio\",\"global\":true,\"global_message\":\"This field is required\"},\"email\":{\"value\":true,\"message\":\"Este campo debe contener un correo electr\\u00f3nico v\\u00e1lido\",\"global\":true,\"global_message\":\"This field must contain a valid email\"}}},\"debounce_time\":300};\n                            <\/script>\n            \r\n<\/div>\r\n\r\n  <\/div>\r\n\r\n<\/div>\r\n\t\t\t\t<\/div>\n\t\t\t\t<\/div>\n\t\t\t\t\t<\/div>\n\t\t\t\t<\/div>\n\t\t\t\t<\/div>","protected":false},"excerpt":{"rendered":"<p>Contact Email Support For general questions or detailed technical support, you can contact us directly by email. Contact via Email \u23f3 Email [&hellip;]<\/p>","protected":false},"author":3,"featured_media":0,"parent":0,"menu_order":0,"comment_status":"closed","ping_status":"closed","template":"","meta":{"footnotes":""},"class_list":["post-143851","page","type-page","status-publish","hentry"],"_links":{"self":[{"href":"https:\/\/bestiptvcheap.com\/es\/wp-json\/wp\/v2\/pages\/143851","targetHints":{"allow":["GET"]}}],"collection":[{"href":"https:\/\/bestiptvcheap.com\/es\/wp-json\/wp\/v2\/pages"}],"about":[{"href":"https:\/\/bestiptvcheap.com\/es\/wp-json\/wp\/v2\/types\/page"}],"author":[{"embeddable":true,"href":"https:\/\/bestiptvcheap.com\/es\/wp-json\/wp\/v2\/users\/3"}],"replies":[{"embeddable":true,"href":"https:\/\/bestiptvcheap.com\/es\/wp-json\/wp\/v2\/comments?post=143851"}],"version-history":[{"count":4,"href":"https:\/\/bestiptvcheap.com\/es\/wp-json\/wp\/v2\/pages\/143851\/revisions"}],"predecessor-version":[{"id":143872,"href":"https:\/\/bestiptvcheap.com\/es\/wp-json\/wp\/v2\/pages\/143851\/revisions\/143872"}],"wp:attachment":[{"href":"https:\/\/bestiptvcheap.com\/es\/wp-json\/wp\/v2\/media?parent=143851"}],"curies":[{"name":"wp","href":"https:\/\/api.w.org\/{rel}","templated":true}]}}